{"id":14,"date":"2022-08-17T07:33:44","date_gmt":"2022-08-17T07:33:44","guid":{"rendered":"http:\/\/www.sporttitarra.fi\/?page_id=14"},"modified":"2023-11-11T11:02:23","modified_gmt":"2023-11-11T09:02:23","slug":"yhteystiedot","status":"publish","type":"page","link":"https:\/\/www.sporttitarra.fi\/","title":{"rendered":"Etusivu"},"content":{"rendered":"\n<h2 class=\"wp-block-heading has-text-align-center\"><\/h2>\n\n\n\n<p class=\"has-text-align-center has-medium-font-size\">Onko sinulla urheiluvarusteita? Maila, kyp\u00e4r\u00e4, polvisuojat tai kenties polkupy\u00f6r\u00e4?<br>Jos haluat varusteesi n\u00e4ytt\u00e4v\u00e4n paremmalta, suojata ne tai vain nimikoida ne omilla tiedoilla.<br>Olet tullut oikeaan paikkaan.<\/p>\n\n\n\n<p class=\"has-text-align-center has-medium-font-size\">Sporttitarra on erikoistunut tuottamaan urheiluv\u00e4lineisiin tarroja sek\u00e4 suojakalvoja.<\/p>\n\n\n\n<p class=\"has-text-align-center has-medium-font-size\">Jos kiinnostuit, ota yhteytt\u00e4 myynti@sporttitarra.fi ja tilaa uutiskirjeemme sivun alalaidasta!<\/p>\n\n\n\n<ul class=\"wp-block-social-links aligncenter has-icon-color is-style-logos-only is-layout-flex wp-block-social-links-is-layout-flex\">\n\n<\/ul>\n","protected":false},"excerpt":{"rendered":"<p>Onko sinulla urheiluvarusteita? Maila, kyp\u00e4r\u00e4, polvisuojat tai kenties polkupy\u00f6r\u00e4?Jos haluat varusteesi n\u00e4ytt\u00e4v\u00e4n paremmalta, suojata ne tai vain nimikoida ne omilla tiedoilla.Olet tullut oikeaan paikkaan. Sporttitarra on erikoistunut tuottamaan urheiluv\u00e4lineisiin tarroja sek\u00e4 suojakalvoja. Jos kiinnostuit, ota yhteytt\u00e4 myynti@sporttitarra.fi ja tilaa uutiskirjeemme sivun alalaidasta!<\/p>\n","protected":false},"author":1,"featured_media":0,"parent":0,"menu_order":0,"comment_status":"closed","ping_status":"closed","template":"","meta":{"footnotes":""},"class_list":["post-14","page","type-page","status-publish","hentry"],"_links":{"self":[{"href":"https:\/\/www.sporttitarra.fi\/index.php\/wp-json\/wp\/v2\/pages\/14"}],"collection":[{"href":"https:\/\/www.sporttitarra.fi\/index.php\/wp-json\/wp\/v2\/pages"}],"about":[{"href":"https:\/\/www.sporttitarra.fi\/index.php\/wp-json\/wp\/v2\/types\/page"}],"author":[{"embeddable":true,"href":"https:\/\/www.sporttitarra.fi\/index.php\/wp-json\/wp\/v2\/users\/1"}],"replies":[{"embeddable":true,"href":"https:\/\/www.sporttitarra.fi\/index.php\/wp-json\/wp\/v2\/comments?post=14"}],"version-history":[{"count":25,"href":"https:\/\/www.sporttitarra.fi\/index.php\/wp-json\/wp\/v2\/pages\/14\/revisions"}],"predecessor-version":[{"id":159,"href":"https:\/\/www.sporttitarra.fi\/index.php\/wp-json\/wp\/v2\/pages\/14\/revisions\/159"}],"wp:attachment":[{"href":"https:\/\/www.sporttitarra.fi\/index.php\/wp-json\/wp\/v2\/media?parent=14"}],"curies":[{"name":"wp","href":"https:\/\/api.w.org\/{rel}","templated":true}]}}